{"id":57,"date":"2018-07-31T17:11:00","date_gmt":"2018-07-31T17:11:00","guid":{"rendered":"http:\/\/www.avgenerator.nl\/?page_id=57"},"modified":"2020-03-03T11:33:05","modified_gmt":"2020-03-03T11:33:05","slug":"home","status":"publish","type":"page","link":"https:\/\/www.avgenerator.nl\/2018\/","title":{"rendered":"Welkom"},"content":{"rendered":"<h2>Mr. AVgenerator, I presume?<\/h2>\n<p>Mijn naam is Martin Jan. Ik ben al meer dan 25 jaar video-professional. Van analoog tot digitaal, van editor tot ontwerper voor het medium dat ons ver laat kijken en de werkelijkheid \u00e9n de fantasie op overtuigende wijze in ons huis brengt.<\/p>\n<p><img loading=\"lazy\" decoding=\"async\" class=\"alignnone wp-image-116 size-full\" src=\"http:\/\/www.avgenerator.nl\/wp-content\/uploads\/2018\/08\/martin-jan.jpg\" alt=\"\" width=\"1920\" height=\"360\" srcset=\"https:\/\/www.avgenerator.nl\/2018\/wp-content\/uploads\/2018\/08\/martin-jan.jpg 1920w, https:\/\/www.avgenerator.nl\/2018\/wp-content\/uploads\/2018\/08\/martin-jan-540x101.jpg 540w, https:\/\/www.avgenerator.nl\/2018\/wp-content\/uploads\/2018\/08\/martin-jan-768x144.jpg 768w\" sizes=\"(max-width: 1920px) 100vw, 1920px\" \/><\/p>\n<h2>Laat mij jouw verhaal vertellen<\/h2>\n<p>Overal is storytelling, of het nou bewegende beelden bij muziek zijn, of scores en statistieken bij sportevenementen. Met mijn ervaring en bijzondere blik op de wereld help ik jou met het overbrengen van jouw boodschap. In video, audio of tekst, of in een combinatie.<\/p>\n<h2>Logboek<\/h2>\n<p>Een goede tekst, een mooi lied en bijzonder bewegend beeld maken allen een tocht van kop naar staart. Een spannende excursie door imaginaire landschappen en fantastische sferen, of gewoon rechtstreeks, in een strakke lijn zonder poespas van begin tot eind. Maar altijd zijn er transities die je tijdens de reis doormaakt, en d\u00e1\u00e1r draait het voor mij allemaal om.<\/p>\n<p><img loading=\"lazy\" decoding=\"async\" class=\"alignnone wp-image-118 size-full\" src=\"http:\/\/www.avgenerator.nl\/wp-content\/uploads\/2018\/08\/bijzondere-kijk.jpg\" alt=\"\" width=\"1920\" height=\"360\" srcset=\"https:\/\/www.avgenerator.nl\/2018\/wp-content\/uploads\/2018\/08\/bijzondere-kijk.jpg 1920w, https:\/\/www.avgenerator.nl\/2018\/wp-content\/uploads\/2018\/08\/bijzondere-kijk-540x101.jpg 540w, https:\/\/www.avgenerator.nl\/2018\/wp-content\/uploads\/2018\/08\/bijzondere-kijk-768x144.jpg 768w\" sizes=\"(max-width: 1920px) 100vw, 1920px\" \/><\/p>\n<h2>E\u00e9n voor allen, allen voor \u00e9\u00e9n<\/h2>\n<p>In veel gevallen kan ik je in mijn uppie helpen. Maar soms vraagt de situatie om samenwerking. En dat is behalve effici\u00ebnt ook heel erg gezellig! In mijn netwerk zitten heel veel aangename professionals die ik voor jouw verzoek in kan zetten.<\/p>\n<h2>Vertel mij jouw verhaal<\/h2>\n<p>Wat moet jij de wereld laten weten? Wat voor een prachtig product of dolle dienst heb jij waar nog veel te weinig mensen van gehoord hebben? Welke show kan worden opgepimpt met vette video en graphics? Zeg het me en ik tip je mijn idee voor een trip van A naar Z.<\/p>\n<h2>Volg mijn schilderavontuur<\/h2>\n<p>Elke dag neem ik ongeveer een uur de tijd om een acryl schilderij te maken naar een foto uit mijn telefoon. Volg het op instagram:<\/p>\n<p><a href=\"https:\/\/www.instagram.com\/martinjanvandalen\/\">https:\/\/www.instagram.com\/martinjanvandalen\/<\/a><\/p>\n","protected":false},"excerpt":{"rendered":"<p>Mr. AVgenerator, I presume? Mijn naam is Martin Jan. Ik ben al meer dan 25 jaar video-professional. Van analoog tot digitaal, van editor tot ontwerper voor het medium dat ons ver laat kijken en de werkelijkheid \u00e9n de fantasie op overtuigende wijze in ons huis brengt. Laat mij jouw verhaal vertellen Overal is storytelling, of [&hellip;]<\/p>\n","protected":false},"author":1,"featured_media":0,"parent":0,"menu_order":0,"comment_status":"closed","ping_status":"closed","template":"homepage.php","meta":{"footnotes":""},"_links":{"self":[{"href":"https:\/\/www.avgenerator.nl\/2018\/wp-json\/wp\/v2\/pages\/57"}],"collection":[{"href":"https:\/\/www.avgenerator.nl\/2018\/wp-json\/wp\/v2\/pages"}],"about":[{"href":"https:\/\/www.avgenerator.nl\/2018\/wp-json\/wp\/v2\/types\/page"}],"author":[{"embeddable":true,"href":"https:\/\/www.avgenerator.nl\/2018\/wp-json\/wp\/v2\/users\/1"}],"replies":[{"embeddable":true,"href":"https:\/\/www.avgenerator.nl\/2018\/wp-json\/wp\/v2\/comments?post=57"}],"version-history":[{"count":28,"href":"https:\/\/www.avgenerator.nl\/2018\/wp-json\/wp\/v2\/pages\/57\/revisions"}],"predecessor-version":[{"id":294,"href":"https:\/\/www.avgenerator.nl\/2018\/wp-json\/wp\/v2\/pages\/57\/revisions\/294"}],"wp:attachment":[{"href":"https:\/\/www.avgenerator.nl\/2018\/wp-json\/wp\/v2\/media?parent=57"}],"curies":[{"name":"wp","href":"https:\/\/api.w.org\/{rel}","templated":true}]}}